{"id":107,"date":"2022-12-26T18:39:08","date_gmt":"2022-12-26T18:39:08","guid":{"rendered":"https:\/\/web.axesawebhost2.com\/anibaldiazconstruction\/?page_id=107"},"modified":"2022-12-26T21:47:40","modified_gmt":"2022-12-26T21:47:40","slug":"contactanos","status":"publish","type":"page","link":"https:\/\/anibaldiazconstruction.com\/en\/contactanos\/","title":{"rendered":"CONTACT US"},"content":{"rendered":"<div data-elementor-type=\"wp-page\" data-elementor-id=\"107\" class=\"elementor elementor-107\" data-elementor-settings=\"{&quot;ha_cmc_init_switcher&quot;:&quot;no&quot;}\">\n\t\t\t\t\t\t<section class=\"elementor-section elementor-top-section elementor-element elementor-element-2822b01 elementor-section-height-min-height elementor-section-boxed elementor-section-height-default elementor-section-items-middle\" data-id=\"2822b01\" data-element_type=\"section\" data-settings=\"{&quot;jet_parallax_layout_list&quot;:[],&quot;background_background&quot;:&quot;classic&quot;,&quot;_ha_eqh_enable&quot;:false}\">\n\t\t\t\t\t\t<div class=\"elementor-container elementor-column-gap-default\">\n\t\t\t\t\t<div class=\"elementor-column elementor-col-100 elementor-top-column elementor-element elementor-element-4a39bc4\" data-id=\"4a39bc4\" data-element_type=\"column\">\n\t\t\t<div class=\"elementor-widget-wrap elementor-element-populated\">\n\t\t\t\t\t\t<div class=\"elementor-element elementor-element-1a7c96f elementor-widget elementor-widget-heading\" data-id=\"1a7c96f\" data-element_type=\"widget\" data-widget_type=\"heading.default\">\n\t\t\t\t<div class=\"elementor-widget-container\">\n\t\t\t\t\t<h2 class=\"elementor-heading-title elementor-size-default\">CONTACT US  <\/h2>\t\t\t\t<\/div>\n\t\t\t\t<\/div>\n\t\t\t\t\t<\/div>\n\t\t<\/div>\n\t\t\t\t\t<\/div>\n\t\t<\/section>\n\t\t\t\t<section class=\"elementor-section elementor-top-section elementor-element elementor-element-14a11be elementor-section-full_width elementor-section-height-default elementor-section-height-default\" data-id=\"14a11be\" data-element_type=\"section\" data-settings=\"{&quot;jet_parallax_layout_list&quot;:[],&quot;_ha_eqh_enable&quot;:false}\">\n\t\t\t\t\t\t<div class=\"elementor-container elementor-column-gap-default\">\n\t\t\t\t\t<div class=\"elementor-column elementor-col-100 elementor-top-column elementor-element elementor-element-5d729b3\" data-id=\"5d729b3\" data-element_type=\"column\" data-settings=\"{&quot;background_background&quot;:&quot;gradient&quot;}\">\n\t\t\t<div class=\"elementor-widget-wrap elementor-element-populated\">\n\t\t\t\t\t\t<div class=\"elementor-element elementor-element-ee4cdcc elementor-widget elementor-widget-heading\" data-id=\"ee4cdcc\" data-element_type=\"widget\" data-widget_type=\"heading.default\">\n\t\t\t\t<div class=\"elementor-widget-container\">\n\t\t\t\t\t<h2 class=\"elementor-heading-title elementor-size-default\">FREE PRICE QUOTE CALL TODAY<\/h2>\t\t\t\t<\/div>\n\t\t\t\t<\/div>\n\t\t\t\t<div class=\"elementor-element elementor-element-8c9e727 elementor-widget elementor-widget-heading\" data-id=\"8c9e727\" data-element_type=\"widget\" data-widget_type=\"heading.default\">\n\t\t\t\t<div class=\"elementor-widget-container\">\n\t\t\t\t\t<h2 class=\"elementor-heading-title elementor-size-default\">787-761-3710<\/h2>\t\t\t\t<\/div>\n\t\t\t\t<\/div>\n\t\t\t\t<div class=\"elementor-element elementor-element-ea209b1 ha-form-btn--left elementor-widget elementor-widget-ha-wpform happy-addon ha-wpform\" data-id=\"ea209b1\" data-element_type=\"widget\" data-widget_type=\"ha-wpform.default\">\n\t\t\t\t<div class=\"elementor-widget-container\">\n\t\t\t\t\t<div class=\"wpforms-container wpforms-container-full\" id=\"wpforms-43\"><form id=\"wpforms-form-43\" class=\"wpforms-validate wpforms-form wpforms-ajax-form\" data-formid=\"43\" method=\"post\" enctype=\"multipart\/form-data\" action=\"\/en\/wp-json\/wp\/v2\/pages\/107\" data-token=\"a7a2561a0c55595b33a5e44b1ea78804\" data-token-time=\"1776265177\" data-trp-original-action=\"\/en\/wp-json\/wp\/v2\/pages\/107\"><noscript class=\"wpforms-error-noscript\">Please enable JavaScript in your browser to complete this form.<\/noscript><div class=\"wpforms-field-container\"><div id=\"wpforms-43-field_1-container\" class=\"wpforms-field wpforms-field-name\" data-field-id=\"1\"><label class=\"wpforms-field-label wpforms-label-hide\" for=\"wpforms-43-field_1\">Name <span class=\"wpforms-required-label\">*<\/span><\/label><input type=\"text\" id=\"wpforms-43-field_1\" class=\"wpforms-field-large wpforms-field-required\" name=\"wpforms[fields][1]\" placeholder=\"Name\" required><\/div><div id=\"wpforms-43-field_2-container\" class=\"wpforms-field wpforms-field-email\" data-field-id=\"2\"><label class=\"wpforms-field-label wpforms-label-hide\" for=\"wpforms-43-field_2\">Correo electr\u00f3nico <span class=\"wpforms-required-label\">*<\/span><\/label><input type=\"email\" id=\"wpforms-43-field_2\" class=\"wpforms-field-large wpforms-field-required\" name=\"wpforms[fields][2]\" placeholder=\"Email\" spellcheck=\"false\" required><\/div><div id=\"wpforms-43-field_5-container\" class=\"wpforms-field wpforms-field-phone\" data-field-id=\"5\"><label class=\"wpforms-field-label wpforms-label-hide\" for=\"wpforms-43-field_5\">Phone<\/label><input type=\"tel\" id=\"wpforms-43-field_5\" class=\"wpforms-field-large\" data-rule-int-phone-field=\"true\" name=\"wpforms[fields][5]\" placeholder=\"Phone \" aria-label=\"Phone\" ><\/div><div id=\"wpforms-43-field_3-container\" class=\"wpforms-field wpforms-field-textarea\" data-field-id=\"3\"><label class=\"wpforms-field-label wpforms-label-hide\" for=\"wpforms-43-field_3\">Mensaje <span class=\"wpforms-required-label\">*<\/span><\/label><textarea id=\"wpforms-43-field_3\" class=\"wpforms-field-medium wpforms-field-required\" name=\"wpforms[fields][3]\" placeholder=\"Comments\/Message\" required><\/textarea><\/div><\/div><!-- .wpforms-field-container --><div class=\"wpforms-recaptcha-container wpforms-is-recaptcha wpforms-is-recaptcha-type-v3\" ><input type=\"hidden\" name=\"wpforms[recaptcha]\" value=\"\"><\/div><div class=\"wpforms-submit-container\" ><input type=\"hidden\" name=\"wpforms[id]\" value=\"43\"><input type=\"hidden\" name=\"page_title\" value=\"\"><input type=\"hidden\" name=\"page_url\" value=\"https:\/\/anibaldiazconstruction.com\/en\/wp-json\/wp\/v2\/pages\/107\"><input type=\"hidden\" name=\"url_referer\" value=\"\"><button type=\"submit\" name=\"wpforms[submit]\" id=\"wpforms-submit-43\" class=\"wpforms-submit\" data-alt-text=\"Enviando...\" data-submit-text=\"Enviar\" aria-live=\"assertive\" value=\"wpforms-submit\">Send<\/button><img decoding=\"async\" src=\"https:\/\/anibaldiazconstruction.com\/wp-content\/plugins\/wpforms\/assets\/images\/submit-spin.svg\" class=\"wpforms-submit-spinner\" style=\"display: none;\" width=\"26\" height=\"26\" alt=\"Loading\"><\/div><input type=\"hidden\" name=\"trp-form-language\" value=\"en\"\/><\/form><\/div>  <!-- .wpforms-container -->\t\t\t\t<\/div>\n\t\t\t\t<\/div>\n\t\t\t\t\t<\/div>\n\t\t<\/div>\n\t\t\t\t\t<\/div>\n\t\t<\/section>\n\t\t\t\t<\/div>","protected":false},"excerpt":{"rendered":"<p>Cont\u00e1ctanos Estamos Gratis, Llama Hoy 787-761-3710 Por favor, activa JavaScript en tu navegador para completar este formulario.Nombre *Correo electr\u00f3nico *Tel\u00e9fonoMensaje * Enviar<\/p>","protected":false},"author":1,"featured_media":0,"parent":0,"menu_order":0,"comment_status":"closed","ping_status":"closed","template":"elementor_header_footer","meta":{"_joinchat":[],"footnotes":""},"class_list":["post-107","page","type-page","status-publish","hentry"],"yoast_head":"<!-- This site is optimized with the Yoast SEO plugin v25.1 - https:\/\/yoast.com\/wordpress\/plugins\/seo\/ -->\n<title>Cont\u00e1ctanos | An\u00edbal D\u00edaz Construction Inc<\/title>\n<meta name=\"robots\" content=\"index, follow, max-snippet:-1, max-image-preview:large, max-video-preview:-1\" \/>\n<link rel=\"canonical\" href=\"https:\/\/anibaldiazconstruction.com\/en\/contactanos\/\" \/>\n<meta property=\"og:locale\" content=\"en_US\" \/>\n<meta property=\"og:type\" content=\"article\" \/>\n<meta property=\"og:title\" content=\"Cont\u00e1ctanos | An\u00edbal D\u00edaz Construction Inc\" \/>\n<meta property=\"og:description\" content=\"Cont\u00e1ctanos Estamos Gratis, Llama Hoy 787-761-3710 Por favor, activa JavaScript en tu navegador para completar este formulario.Nombre *Correo electr\u00f3nico *Tel\u00e9fonoMensaje * Enviar\" \/>\n<meta property=\"og:url\" content=\"https:\/\/anibaldiazconstruction.com\/en\/contactanos\/\" \/>\n<meta property=\"og:site_name\" content=\"An\u00edbal D\u00edaz Construction Inc\" \/>\n<meta property=\"article:modified_time\" content=\"2022-12-26T21:47:40+00:00\" \/>\n<meta property=\"og:image\" content=\"https:\/\/web.axesawebhost2.com\/anibaldiazconstruction\/wp-content\/plugins\/wpforms-lite\/assets\/images\/submit-spin.svg\" \/>\n<meta name=\"twitter:card\" content=\"summary_large_image\" \/>\n<meta name=\"twitter:label1\" content=\"Est. reading time\" \/>\n\t<meta name=\"twitter:data1\" content=\"1 minute\" \/>\n<script type=\"application\/ld+json\" class=\"yoast-schema-graph\">{\"@context\":\"https:\/\/schema.org\",\"@graph\":[{\"@type\":\"WebPage\",\"@id\":\"https:\/\/anibaldiazconstruction.com\/contactanos\/\",\"url\":\"https:\/\/anibaldiazconstruction.com\/contactanos\/\",\"name\":\"Cont\u00e1ctanos | An\u00edbal D\u00edaz Construction Inc\",\"isPartOf\":{\"@id\":\"https:\/\/anibaldiazconstruction.com\/#website\"},\"primaryImageOfPage\":{\"@id\":\"https:\/\/anibaldiazconstruction.com\/contactanos\/#primaryimage\"},\"image\":{\"@id\":\"https:\/\/anibaldiazconstruction.com\/contactanos\/#primaryimage\"},\"thumbnailUrl\":\"https:\/\/web.axesawebhost2.com\/anibaldiazconstruction\/wp-content\/plugins\/wpforms-lite\/assets\/images\/submit-spin.svg\",\"datePublished\":\"2022-12-26T18:39:08+00:00\",\"dateModified\":\"2022-12-26T21:47:40+00:00\",\"breadcrumb\":{\"@id\":\"https:\/\/anibaldiazconstruction.com\/contactanos\/#breadcrumb\"},\"inLanguage\":\"en-US\",\"potentialAction\":[{\"@type\":\"ReadAction\",\"target\":[\"https:\/\/anibaldiazconstruction.com\/contactanos\/\"]}]},{\"@type\":\"ImageObject\",\"inLanguage\":\"en-US\",\"@id\":\"https:\/\/anibaldiazconstruction.com\/contactanos\/#primaryimage\",\"url\":\"https:\/\/web.axesawebhost2.com\/anibaldiazconstruction\/wp-content\/plugins\/wpforms-lite\/assets\/images\/submit-spin.svg\",\"contentUrl\":\"https:\/\/web.axesawebhost2.com\/anibaldiazconstruction\/wp-content\/plugins\/wpforms-lite\/assets\/images\/submit-spin.svg\"},{\"@type\":\"BreadcrumbList\",\"@id\":\"https:\/\/anibaldiazconstruction.com\/contactanos\/#breadcrumb\",\"itemListElement\":[{\"@type\":\"ListItem\",\"position\":1,\"name\":\"Home\",\"item\":\"https:\/\/anibaldiazconstruction.com\/\"},{\"@type\":\"ListItem\",\"position\":2,\"name\":\"Cont\u00e1ctanos\"}]},{\"@type\":\"WebSite\",\"@id\":\"https:\/\/anibaldiazconstruction.com\/#website\",\"url\":\"https:\/\/anibaldiazconstruction.com\/\",\"name\":\"An\u00edbal D\u00edaz Construction Inc\",\"description\":\"Una empresa familiar de ingenieros contratistas dedicada a la industria de la construcci\u00f3n. La misma fue constituida el 2 de enero de 1987, hace m\u00e1s de 40 a\u00f1os, por An\u00edbal D\u00edaz L\u00f3pez. \",\"publisher\":{\"@id\":\"https:\/\/anibaldiazconstruction.com\/#organization\"},\"potentialAction\":[{\"@type\":\"SearchAction\",\"target\":{\"@type\":\"EntryPoint\",\"urlTemplate\":\"https:\/\/anibaldiazconstruction.com\/?s={search_term_string}\"},\"query-input\":{\"@type\":\"PropertyValueSpecification\",\"valueRequired\":true,\"valueName\":\"search_term_string\"}}],\"inLanguage\":\"en-US\"},{\"@type\":\"Organization\",\"@id\":\"https:\/\/anibaldiazconstruction.com\/#organization\",\"name\":\"An\u00edbal D\u00edaz Construction Inc\",\"url\":\"https:\/\/anibaldiazconstruction.com\/\",\"logo\":{\"@type\":\"ImageObject\",\"inLanguage\":\"en-US\",\"@id\":\"https:\/\/anibaldiazconstruction.com\/#\/schema\/logo\/image\/\",\"url\":\"https:\/\/web.axesawebhost2.com\/anibaldiazconstruction\/wp-content\/uploads\/sites\/151\/2022\/11\/logo-2.png\",\"contentUrl\":\"https:\/\/web.axesawebhost2.com\/anibaldiazconstruction\/wp-content\/uploads\/sites\/151\/2022\/11\/logo-2.png\",\"width\":298,\"height\":230,\"caption\":\"An\u00edbal D\u00edaz Construction Inc\"},\"image\":{\"@id\":\"https:\/\/anibaldiazconstruction.com\/#\/schema\/logo\/image\/\"}}]}<\/script>\n<!-- \/ Yoast SEO plugin. -->","yoast_head_json":{"title":"Cont\u00e1ctanos | An\u00edbal D\u00edaz Construction Inc","robots":{"index":"index","follow":"follow","max-snippet":"max-snippet:-1","max-image-preview":"max-image-preview:large","max-video-preview":"max-video-preview:-1"},"canonical":"https:\/\/anibaldiazconstruction.com\/en\/contactanos\/","og_locale":"en_US","og_type":"article","og_title":"Cont\u00e1ctanos | An\u00edbal D\u00edaz Construction Inc","og_description":"Cont\u00e1ctanos Estamos Gratis, Llama Hoy 787-761-3710 Por favor, activa JavaScript en tu navegador para completar este formulario.Nombre *Correo electr\u00f3nico *Tel\u00e9fonoMensaje * Enviar","og_url":"https:\/\/anibaldiazconstruction.com\/en\/contactanos\/","og_site_name":"An\u00edbal D\u00edaz Construction Inc","article_modified_time":"2022-12-26T21:47:40+00:00","og_image":[{"url":"https:\/\/web.axesawebhost2.com\/anibaldiazconstruction\/wp-content\/plugins\/wpforms-lite\/assets\/images\/submit-spin.svg","type":"","width":"","height":""}],"twitter_card":"summary_large_image","twitter_misc":{"Est. reading time":"1 minute"},"schema":{"@context":"https:\/\/schema.org","@graph":[{"@type":"WebPage","@id":"https:\/\/anibaldiazconstruction.com\/contactanos\/","url":"https:\/\/anibaldiazconstruction.com\/contactanos\/","name":"Cont\u00e1ctanos | An\u00edbal D\u00edaz Construction Inc","isPartOf":{"@id":"https:\/\/anibaldiazconstruction.com\/#website"},"primaryImageOfPage":{"@id":"https:\/\/anibaldiazconstruction.com\/contactanos\/#primaryimage"},"image":{"@id":"https:\/\/anibaldiazconstruction.com\/contactanos\/#primaryimage"},"thumbnailUrl":"https:\/\/web.axesawebhost2.com\/anibaldiazconstruction\/wp-content\/plugins\/wpforms-lite\/assets\/images\/submit-spin.svg","datePublished":"2022-12-26T18:39:08+00:00","dateModified":"2022-12-26T21:47:40+00:00","breadcrumb":{"@id":"https:\/\/anibaldiazconstruction.com\/contactanos\/#breadcrumb"},"inLanguage":"en-US","potentialAction":[{"@type":"ReadAction","target":["https:\/\/anibaldiazconstruction.com\/contactanos\/"]}]},{"@type":"ImageObject","inLanguage":"en-US","@id":"https:\/\/anibaldiazconstruction.com\/contactanos\/#primaryimage","url":"https:\/\/web.axesawebhost2.com\/anibaldiazconstruction\/wp-content\/plugins\/wpforms-lite\/assets\/images\/submit-spin.svg","contentUrl":"https:\/\/web.axesawebhost2.com\/anibaldiazconstruction\/wp-content\/plugins\/wpforms-lite\/assets\/images\/submit-spin.svg"},{"@type":"BreadcrumbList","@id":"https:\/\/anibaldiazconstruction.com\/contactanos\/#breadcrumb","itemListElement":[{"@type":"ListItem","position":1,"name":"Home","item":"https:\/\/anibaldiazconstruction.com\/"},{"@type":"ListItem","position":2,"name":"Cont\u00e1ctanos"}]},{"@type":"WebSite","@id":"https:\/\/anibaldiazconstruction.com\/#website","url":"https:\/\/anibaldiazconstruction.com\/","name":"An\u00edbal D\u00edaz Construction Inc","description":"Una empresa familiar de ingenieros contratistas dedicada a la industria de la construcci\u00f3n. La misma fue constituida el 2 de enero de 1987, hace m\u00e1s de 40 a\u00f1os, por An\u00edbal D\u00edaz L\u00f3pez. ","publisher":{"@id":"https:\/\/anibaldiazconstruction.com\/#organization"},"potentialAction":[{"@type":"SearchAction","target":{"@type":"EntryPoint","urlTemplate":"https:\/\/anibaldiazconstruction.com\/?s={search_term_string}"},"query-input":{"@type":"PropertyValueSpecification","valueRequired":true,"valueName":"search_term_string"}}],"inLanguage":"en-US"},{"@type":"Organization","@id":"https:\/\/anibaldiazconstruction.com\/#organization","name":"An\u00edbal D\u00edaz Construction Inc","url":"https:\/\/anibaldiazconstruction.com\/","logo":{"@type":"ImageObject","inLanguage":"en-US","@id":"https:\/\/anibaldiazconstruction.com\/#\/schema\/logo\/image\/","url":"https:\/\/web.axesawebhost2.com\/anibaldiazconstruction\/wp-content\/uploads\/sites\/151\/2022\/11\/logo-2.png","contentUrl":"https:\/\/web.axesawebhost2.com\/anibaldiazconstruction\/wp-content\/uploads\/sites\/151\/2022\/11\/logo-2.png","width":298,"height":230,"caption":"An\u00edbal D\u00edaz Construction Inc"},"image":{"@id":"https:\/\/anibaldiazconstruction.com\/#\/schema\/logo\/image\/"}}]}},"_links":{"self":[{"href":"https:\/\/anibaldiazconstruction.com\/en\/wp-json\/wp\/v2\/pages\/107","targetHints":{"allow":["GET"]}}],"collection":[{"href":"https:\/\/anibaldiazconstruction.com\/en\/wp-json\/wp\/v2\/pages"}],"about":[{"href":"https:\/\/anibaldiazconstruction.com\/en\/wp-json\/wp\/v2\/types\/page"}],"author":[{"embeddable":true,"href":"https:\/\/anibaldiazconstruction.com\/en\/wp-json\/wp\/v2\/users\/1"}],"replies":[{"embeddable":true,"href":"https:\/\/anibaldiazconstruction.com\/en\/wp-json\/wp\/v2\/comments?post=107"}],"version-history":[{"count":19,"href":"https:\/\/anibaldiazconstruction.com\/en\/wp-json\/wp\/v2\/pages\/107\/revisions"}],"predecessor-version":[{"id":396,"href":"https:\/\/anibaldiazconstruction.com\/en\/wp-json\/wp\/v2\/pages\/107\/revisions\/396"}],"wp:attachment":[{"href":"https:\/\/anibaldiazconstruction.com\/en\/wp-json\/wp\/v2\/media?parent=107"}],"curies":[{"name":"wp","href":"https:\/\/api.w.org\/{rel}","templated":true}]}}