{"id":105,"date":"2022-12-26T18:38:28","date_gmt":"2022-12-26T18:38:28","guid":{"rendered":"https:\/\/web.axesawebhost2.com\/anibaldiazconstruction\/?page_id=105"},"modified":"2022-12-26T21:40:23","modified_gmt":"2022-12-26T21:40:23","slug":"servicios","status":"publish","type":"page","link":"https:\/\/anibaldiazconstruction.com\/en\/servicios\/","title":{"rendered":"Services"},"content":{"rendered":"<div data-elementor-type=\"wp-page\" data-elementor-id=\"105\" class=\"elementor elementor-105\" data-elementor-settings=\"{&quot;ha_cmc_init_switcher&quot;:&quot;no&quot;}\">\n\t\t\t\t\t\t<section class=\"elementor-section elementor-top-section elementor-element elementor-element-9fa4da9 elementor-section-height-min-height elementor-section-boxed elementor-section-height-default elementor-section-items-middle\" data-id=\"9fa4da9\" data-element_type=\"section\" data-settings=\"{&quot;jet_parallax_layout_list&quot;:[],&quot;background_background&quot;:&quot;classic&quot;,&quot;_ha_eqh_enable&quot;:false}\">\n\t\t\t\t\t\t<div class=\"elementor-container elementor-column-gap-default\">\n\t\t\t\t\t<div class=\"elementor-column elementor-col-100 elementor-top-column elementor-element elementor-element-4412d65\" data-id=\"4412d65\" data-element_type=\"column\">\n\t\t\t<div class=\"elementor-widget-wrap elementor-element-populated\">\n\t\t\t\t\t\t<div class=\"elementor-element elementor-element-781c235 elementor-widget elementor-widget-heading\" data-id=\"781c235\" data-element_type=\"widget\" data-widget_type=\"heading.default\">\n\t\t\t\t<div class=\"elementor-widget-container\">\n\t\t\t\t\t<h2 class=\"elementor-heading-title elementor-size-default\">Services <\/h2>\t\t\t\t<\/div>\n\t\t\t\t<\/div>\n\t\t\t\t\t<\/div>\n\t\t<\/div>\n\t\t\t\t\t<\/div>\n\t\t<\/section>\n\t\t\t\t<section class=\"elementor-section elementor-top-section elementor-element elementor-element-4f7f724 elementor-section-height-min-height elementor-section-boxed elementor-section-height-default elementor-section-items-middle\" data-id=\"4f7f724\" data-element_type=\"section\" data-settings=\"{&quot;jet_parallax_layout_list&quot;:[],&quot;background_background&quot;:&quot;classic&quot;,&quot;_ha_eqh_enable&quot;:false}\">\n\t\t\t\t\t\t<div class=\"elementor-container elementor-column-gap-default\">\n\t\t\t\t\t<div class=\"elementor-column elementor-col-100 elementor-top-column elementor-element elementor-element-3b8149e\" data-id=\"3b8149e\" data-element_type=\"column\">\n\t\t\t<div class=\"elementor-widget-wrap elementor-element-populated\">\n\t\t\t\t\t\t<div class=\"elementor-element elementor-element-f064f08 elementor-align-left elementor-icon-list--layout-traditional elementor-list-item-link-full_width elementor-widget elementor-widget-icon-list\" data-id=\"f064f08\" data-element_type=\"widget\" data-widget_type=\"icon-list.default\">\n\t\t\t\t<div class=\"elementor-widget-container\">\n\t\t\t\t\t\t\t<ul class=\"elementor-icon-list-items\">\n\t\t\t\t\t\t\t<li class=\"elementor-icon-list-item\">\n\t\t\t\t\t\t\t\t\t\t\t<span class=\"elementor-icon-list-icon\">\n\t\t\t\t\t\t\t<i aria-hidden=\"true\" class=\"fas fa-square-full\"><\/i>\t\t\t\t\t\t<\/span>\n\t\t\t\t\t\t\t\t\t\t<span class=\"elementor-icon-list-text\"> Asphalt (Parking Development, Road Pavement, jogging trails)<\/span>\n\t\t\t\t\t\t\t\t\t<\/li>\n\t\t\t\t\t\t\t\t<li class=\"elementor-icon-list-item\">\n\t\t\t\t\t\t\t\t\t\t\t<span class=\"elementor-icon-list-icon\">\n\t\t\t\t\t\t\t<i aria-hidden=\"true\" class=\"fas fa-square-full\"><\/i>\t\t\t\t\t\t<\/span>\n\t\t\t\t\t\t\t\t\t\t<span class=\"elementor-icon-list-text\"> Concrete Work and Surfacing (sidewalks, Retaining Walls, Stamped Asphalt, sidewalks curbs, and gutters)<\/span>\n\t\t\t\t\t\t\t\t\t<\/li>\n\t\t\t\t\t\t\t\t<li class=\"elementor-icon-list-item\">\n\t\t\t\t\t\t\t\t\t\t\t<span class=\"elementor-icon-list-icon\">\n\t\t\t\t\t\t\t<i aria-hidden=\"true\" class=\"fas fa-square-full\"><\/i>\t\t\t\t\t\t<\/span>\n\t\t\t\t\t\t\t\t\t\t<span class=\"elementor-icon-list-text\">Demolition<\/span>\n\t\t\t\t\t\t\t\t\t<\/li>\n\t\t\t\t\t\t\t\t<li class=\"elementor-icon-list-item\">\n\t\t\t\t\t\t\t\t\t\t\t<span class=\"elementor-icon-list-icon\">\n\t\t\t\t\t\t\t<i aria-hidden=\"true\" class=\"fas fa-square-full\"><\/i>\t\t\t\t\t\t<\/span>\n\t\t\t\t\t\t\t\t\t\t<span class=\"elementor-icon-list-text\"> Heavy Equipment Rental<\/span>\n\t\t\t\t\t\t\t\t\t<\/li>\n\t\t\t\t\t\t\t\t<li class=\"elementor-icon-list-item\">\n\t\t\t\t\t\t\t\t\t\t\t<span class=\"elementor-icon-list-icon\">\n\t\t\t\t\t\t\t<i aria-hidden=\"true\" class=\"fas fa-square-full\"><\/i>\t\t\t\t\t\t<\/span>\n\t\t\t\t\t\t\t\t\t\t<span class=\"elementor-icon-list-text\"> Sign Installation<\/span>\n\t\t\t\t\t\t\t\t\t<\/li>\n\t\t\t\t\t\t\t\t<li class=\"elementor-icon-list-item\">\n\t\t\t\t\t\t\t\t\t\t\t<span class=\"elementor-icon-list-icon\">\n\t\t\t\t\t\t\t<i aria-hidden=\"true\" class=\"fas fa-square-full\"><\/i>\t\t\t\t\t\t<\/span>\n\t\t\t\t\t\t\t\t\t\t<span class=\"elementor-icon-list-text\"> Installation of Pluvial Systems<\/span>\n\t\t\t\t\t\t\t\t\t<\/li>\n\t\t\t\t\t\t\t\t<li class=\"elementor-icon-list-item\">\n\t\t\t\t\t\t\t\t\t\t\t<span class=\"elementor-icon-list-icon\">\n\t\t\t\t\t\t\t<i aria-hidden=\"true\" class=\"fas fa-square-full\"><\/i>\t\t\t\t\t\t<\/span>\n\t\t\t\t\t\t\t\t\t\t<span class=\"elementor-icon-list-text\"> Construction of Recreational Areas<\/span>\n\t\t\t\t\t\t\t\t\t<\/li>\n\t\t\t\t\t\t\t\t<li class=\"elementor-icon-list-item\">\n\t\t\t\t\t\t\t\t\t\t\t<span class=\"elementor-icon-list-icon\">\n\t\t\t\t\t\t\t<i aria-hidden=\"true\" class=\"fas fa-square-full\"><\/i>\t\t\t\t\t\t<\/span>\n\t\t\t\t\t\t\t\t\t\t<span class=\"elementor-icon-list-text\"> Pavement marking<\/span>\n\t\t\t\t\t\t\t\t\t<\/li>\n\t\t\t\t\t\t\t\t<li class=\"elementor-icon-list-item\">\n\t\t\t\t\t\t\t\t\t\t\t<span class=\"elementor-icon-list-icon\">\n\t\t\t\t\t\t\t<i aria-hidden=\"true\" class=\"fas fa-square-full\"><\/i>\t\t\t\t\t\t<\/span>\n\t\t\t\t\t\t\t\t\t\t<span class=\"elementor-icon-list-text\"> Earth movement<\/span>\n\t\t\t\t\t\t\t\t\t<\/li>\n\t\t\t\t\t\t<\/ul>\n\t\t\t\t\t\t<\/div>\n\t\t\t\t<\/div>\n\t\t\t\t\t<\/div>\n\t\t<\/div>\n\t\t\t\t\t<\/div>\n\t\t<\/section>\n\t\t\t\t<\/div>","protected":false},"excerpt":{"rendered":"<p>Servicios Asfalto (estacionamiento, carreteras, pistas) Concreto (aceras, muros, losas, encintados, cunetones, escaleras) Demoliciones Alquiler de Equipo Pesado Instalaci\u00f3n de R\u00f3tulos Instalaci\u00f3n de Sistemas Pluviales Construcci\u00f3n de \u00c1reas Recreativas Marcado de Pavimento Movimiento de Tierra<\/p>","protected":false},"author":1,"featured_media":0,"parent":0,"menu_order":0,"comment_status":"closed","ping_status":"closed","template":"elementor_header_footer","meta":{"_joinchat":[],"footnotes":""},"class_list":["post-105","page","type-page","status-publish","hentry"],"yoast_head":"<!-- This site is optimized with the Yoast SEO plugin v25.1 - https:\/\/yoast.com\/wordpress\/plugins\/seo\/ -->\n<title>Servicios | An\u00edbal D\u00edaz Construction Inc<\/title>\n<meta name=\"robots\" content=\"index, follow, max-snippet:-1, max-image-preview:large, max-video-preview:-1\" \/>\n<link rel=\"canonical\" href=\"https:\/\/anibaldiazconstruction.com\/en\/servicios\/\" \/>\n<meta property=\"og:locale\" content=\"en_US\" \/>\n<meta property=\"og:type\" content=\"article\" \/>\n<meta property=\"og:title\" content=\"Servicios | An\u00edbal D\u00edaz Construction Inc\" \/>\n<meta property=\"og:description\" content=\"Servicios Asfalto (estacionamiento, carreteras, pistas) Concreto (aceras, muros, losas, encintados, cunetones, escaleras) Demoliciones Alquiler de Equipo Pesado Instalaci\u00f3n de R\u00f3tulos Instalaci\u00f3n de Sistemas Pluviales Construcci\u00f3n de \u00c1reas Recreativas Marcado de Pavimento Movimiento de Tierra\" \/>\n<meta property=\"og:url\" content=\"https:\/\/anibaldiazconstruction.com\/en\/servicios\/\" \/>\n<meta property=\"og:site_name\" content=\"An\u00edbal D\u00edaz Construction Inc\" \/>\n<meta property=\"article:modified_time\" content=\"2022-12-26T21:40:23+00:00\" \/>\n<meta name=\"twitter:card\" content=\"summary_large_image\" \/>\n<meta name=\"twitter:label1\" content=\"Est. reading time\" \/>\n\t<meta name=\"twitter:data1\" content=\"1 minute\" \/>\n<script type=\"application\/ld+json\" class=\"yoast-schema-graph\">{\"@context\":\"https:\/\/schema.org\",\"@graph\":[{\"@type\":\"WebPage\",\"@id\":\"https:\/\/anibaldiazconstruction.com\/servicios\/\",\"url\":\"https:\/\/anibaldiazconstruction.com\/servicios\/\",\"name\":\"Servicios | An\u00edbal D\u00edaz Construction Inc\",\"isPartOf\":{\"@id\":\"https:\/\/anibaldiazconstruction.com\/#website\"},\"datePublished\":\"2022-12-26T18:38:28+00:00\",\"dateModified\":\"2022-12-26T21:40:23+00:00\",\"breadcrumb\":{\"@id\":\"https:\/\/anibaldiazconstruction.com\/servicios\/#breadcrumb\"},\"inLanguage\":\"en-US\",\"potentialAction\":[{\"@type\":\"ReadAction\",\"target\":[\"https:\/\/anibaldiazconstruction.com\/servicios\/\"]}]},{\"@type\":\"BreadcrumbList\",\"@id\":\"https:\/\/anibaldiazconstruction.com\/servicios\/#breadcrumb\",\"itemListElement\":[{\"@type\":\"ListItem\",\"position\":1,\"name\":\"Home\",\"item\":\"https:\/\/anibaldiazconstruction.com\/\"},{\"@type\":\"ListItem\",\"position\":2,\"name\":\"Servicios\"}]},{\"@type\":\"WebSite\",\"@id\":\"https:\/\/anibaldiazconstruction.com\/#website\",\"url\":\"https:\/\/anibaldiazconstruction.com\/\",\"name\":\"An\u00edbal D\u00edaz Construction Inc\",\"description\":\"Una empresa familiar de ingenieros contratistas dedicada a la industria de la construcci\u00f3n. La misma fue constituida el 2 de enero de 1987, hace m\u00e1s de 40 a\u00f1os, por An\u00edbal D\u00edaz L\u00f3pez. \",\"publisher\":{\"@id\":\"https:\/\/anibaldiazconstruction.com\/#organization\"},\"potentialAction\":[{\"@type\":\"SearchAction\",\"target\":{\"@type\":\"EntryPoint\",\"urlTemplate\":\"https:\/\/anibaldiazconstruction.com\/?s={search_term_string}\"},\"query-input\":{\"@type\":\"PropertyValueSpecification\",\"valueRequired\":true,\"valueName\":\"search_term_string\"}}],\"inLanguage\":\"en-US\"},{\"@type\":\"Organization\",\"@id\":\"https:\/\/anibaldiazconstruction.com\/#organization\",\"name\":\"An\u00edbal D\u00edaz Construction Inc\",\"url\":\"https:\/\/anibaldiazconstruction.com\/\",\"logo\":{\"@type\":\"ImageObject\",\"inLanguage\":\"en-US\",\"@id\":\"https:\/\/anibaldiazconstruction.com\/#\/schema\/logo\/image\/\",\"url\":\"https:\/\/web.axesawebhost2.com\/anibaldiazconstruction\/wp-content\/uploads\/sites\/151\/2022\/11\/logo-2.png\",\"contentUrl\":\"https:\/\/web.axesawebhost2.com\/anibaldiazconstruction\/wp-content\/uploads\/sites\/151\/2022\/11\/logo-2.png\",\"width\":298,\"height\":230,\"caption\":\"An\u00edbal D\u00edaz Construction Inc\"},\"image\":{\"@id\":\"https:\/\/anibaldiazconstruction.com\/#\/schema\/logo\/image\/\"}}]}<\/script>\n<!-- \/ Yoast SEO plugin. -->","yoast_head_json":{"title":"Servicios | An\u00edbal D\u00edaz Construction Inc","robots":{"index":"index","follow":"follow","max-snippet":"max-snippet:-1","max-image-preview":"max-image-preview:large","max-video-preview":"max-video-preview:-1"},"canonical":"https:\/\/anibaldiazconstruction.com\/en\/servicios\/","og_locale":"en_US","og_type":"article","og_title":"Servicios | An\u00edbal D\u00edaz Construction Inc","og_description":"Servicios Asfalto (estacionamiento, carreteras, pistas) Concreto (aceras, muros, losas, encintados, cunetones, escaleras) Demoliciones Alquiler de Equipo Pesado Instalaci\u00f3n de R\u00f3tulos Instalaci\u00f3n de Sistemas Pluviales Construcci\u00f3n de \u00c1reas Recreativas Marcado de Pavimento Movimiento de Tierra","og_url":"https:\/\/anibaldiazconstruction.com\/en\/servicios\/","og_site_name":"An\u00edbal D\u00edaz Construction Inc","article_modified_time":"2022-12-26T21:40:23+00:00","twitter_card":"summary_large_image","twitter_misc":{"Est. reading time":"1 minute"},"schema":{"@context":"https:\/\/schema.org","@graph":[{"@type":"WebPage","@id":"https:\/\/anibaldiazconstruction.com\/servicios\/","url":"https:\/\/anibaldiazconstruction.com\/servicios\/","name":"Servicios | An\u00edbal D\u00edaz Construction Inc","isPartOf":{"@id":"https:\/\/anibaldiazconstruction.com\/#website"},"datePublished":"2022-12-26T18:38:28+00:00","dateModified":"2022-12-26T21:40:23+00:00","breadcrumb":{"@id":"https:\/\/anibaldiazconstruction.com\/servicios\/#breadcrumb"},"inLanguage":"en-US","potentialAction":[{"@type":"ReadAction","target":["https:\/\/anibaldiazconstruction.com\/servicios\/"]}]},{"@type":"BreadcrumbList","@id":"https:\/\/anibaldiazconstruction.com\/servicios\/#breadcrumb","itemListElement":[{"@type":"ListItem","position":1,"name":"Home","item":"https:\/\/anibaldiazconstruction.com\/"},{"@type":"ListItem","position":2,"name":"Servicios"}]},{"@type":"WebSite","@id":"https:\/\/anibaldiazconstruction.com\/#website","url":"https:\/\/anibaldiazconstruction.com\/","name":"An\u00edbal D\u00edaz Construction Inc","description":"Una empresa familiar de ingenieros contratistas dedicada a la industria de la construcci\u00f3n. La misma fue constituida el 2 de enero de 1987, hace m\u00e1s de 40 a\u00f1os, por An\u00edbal D\u00edaz L\u00f3pez. ","publisher":{"@id":"https:\/\/anibaldiazconstruction.com\/#organization"},"potentialAction":[{"@type":"SearchAction","target":{"@type":"EntryPoint","urlTemplate":"https:\/\/anibaldiazconstruction.com\/?s={search_term_string}"},"query-input":{"@type":"PropertyValueSpecification","valueRequired":true,"valueName":"search_term_string"}}],"inLanguage":"en-US"},{"@type":"Organization","@id":"https:\/\/anibaldiazconstruction.com\/#organization","name":"An\u00edbal D\u00edaz Construction Inc","url":"https:\/\/anibaldiazconstruction.com\/","logo":{"@type":"ImageObject","inLanguage":"en-US","@id":"https:\/\/anibaldiazconstruction.com\/#\/schema\/logo\/image\/","url":"https:\/\/web.axesawebhost2.com\/anibaldiazconstruction\/wp-content\/uploads\/sites\/151\/2022\/11\/logo-2.png","contentUrl":"https:\/\/web.axesawebhost2.com\/anibaldiazconstruction\/wp-content\/uploads\/sites\/151\/2022\/11\/logo-2.png","width":298,"height":230,"caption":"An\u00edbal D\u00edaz Construction Inc"},"image":{"@id":"https:\/\/anibaldiazconstruction.com\/#\/schema\/logo\/image\/"}}]}},"_links":{"self":[{"href":"https:\/\/anibaldiazconstruction.com\/en\/wp-json\/wp\/v2\/pages\/105","targetHints":{"allow":["GET"]}}],"collection":[{"href":"https:\/\/anibaldiazconstruction.com\/en\/wp-json\/wp\/v2\/pages"}],"about":[{"href":"https:\/\/anibaldiazconstruction.com\/en\/wp-json\/wp\/v2\/types\/page"}],"author":[{"embeddable":true,"href":"https:\/\/anibaldiazconstruction.com\/en\/wp-json\/wp\/v2\/users\/1"}],"replies":[{"embeddable":true,"href":"https:\/\/anibaldiazconstruction.com\/en\/wp-json\/wp\/v2\/comments?post=105"}],"version-history":[{"count":25,"href":"https:\/\/anibaldiazconstruction.com\/en\/wp-json\/wp\/v2\/pages\/105\/revisions"}],"predecessor-version":[{"id":377,"href":"https:\/\/anibaldiazconstruction.com\/en\/wp-json\/wp\/v2\/pages\/105\/revisions\/377"}],"wp:attachment":[{"href":"https:\/\/anibaldiazconstruction.com\/en\/wp-json\/wp\/v2\/media?parent=105"}],"curies":[{"name":"wp","href":"https:\/\/api.w.org\/{rel}","templated":true}]}}